{"id":83,"date":"2018-05-28T19:03:22","date_gmt":"2018-05-28T16:03:22","guid":{"rendered":"http:\/\/pandaceviri.com\/?page_id=83"},"modified":"2018-05-31T20:01:56","modified_gmt":"2018-05-31T17:01:56","slug":"ne-yapiyoruz","status":"publish","type":"page","link":"https:\/\/pandaceviri.com\/index.php\/ne-yapiyoruz\/","title":{"rendered":"Ne yap\u0131yoruz?"},"content":{"rendered":"<p><strong>Ne yap\u0131yoruz?<\/strong><\/p>\n<p>Hedef odakl\u0131 \u00e7eviri, lokalizasyon, profesyonel metin yaz\u0131m\u0131, masa\u00fcst\u00fc yay\u0131nc\u0131l\u0131k ve tasar\u0131m hizmetleri veriyoruz. Biz sadece bir \u00e7eviri \u015firketi de\u011filiz, m\u00fc\u015fterilerimizin ihtiya\u00e7 duyduklar\u0131 anda ve yerde yan\u0131nda bulaca\u011f\u0131 g\u00fcvenilir bir \u00e7\u00f6z\u00fcm orta\u011f\u0131y\u0131z. Global dil \u00e7\u00f6z\u00fcmleri sunarak farkl\u0131 \u00fclkeler ve diller ve k\u00fclt\u00fcrler aras\u0131nda k\u00f6pr\u00fcler olu\u015ftururken, hizmet verdi\u011fimiz end\u00fcstrilerin benzersiz gereksinimlerini anlamaktan da mutluluk duyuyoruz.<\/p>\n<p><strong>Nas\u0131l yap\u0131yoruz?<\/strong><\/p>\n<p>Amac\u0131m\u0131z, daha az\u0131yla daha fazlas\u0131n\u0131 yapman\u0131za ve i\u015finize odaklanman\u0131za yard\u0131mc\u0131 olmak. Bu nedenle siz neredeyseniz, biz oraday\u0131z. Modern \u00e7a\u011f\u0131n b\u00fct\u00fcn olanaklar\u0131n\u0131 kullanarak materyallerinizi istedi\u011finiz yerden al\u0131yor, istedi\u011finiz yere ula\u015ft\u0131r\u0131yoruz.<br \/>\nSiz de Panda&#8217;ya gelin, tam ihtiyac\u0131n\u0131za y\u00f6nelik \u00e7\u00f6z\u00fcmlerimiz sayesinde k\u00fcresel pazarda daha fazla s\u00f6z sahibi olun.<br \/>\n<strong><br \/>\n\u0130yi \u00e7evirinin nesli t\u00fckenmesin!<\/strong><\/p>\n","protected":false},"excerpt":{"rendered":"<p>Ne yap\u0131yoruz? Hedef odakl\u0131 \u00e7eviri, lokalizasyon, profesyonel metin yaz\u0131m\u0131, masa\u00fcst\u00fc yay\u0131nc\u0131l\u0131k ve tasar\u0131m hizmetleri veriyoruz. Biz sadece bir \u00e7eviri \u015firketi de\u011filiz, m\u00fc\u015fterilerimizin ihtiya\u00e7 duyduklar\u0131 anda ve yerde yan\u0131nda bulaca\u011f\u0131 g\u00fcvenilir bir \u00e7\u00f6z\u00fcm orta\u011f\u0131y\u0131z. Global dil \u00e7\u00f6z\u00fcmleri sunarak farkl\u0131 \u00fclkeler ve diller ve k\u00fclt\u00fcrler aras\u0131nda k\u00f6pr\u00fcler olu\u015ftururken, hizmet verdi\u011fimiz end\u00fcstrilerin benzersiz gereksinimlerini anlamaktan da mutluluk duyuyoruz. [&hellip;]<\/p>\n","protected":false},"author":1,"featured_media":0,"parent":0,"menu_order":0,"comment_status":"closed","ping_status":"closed","template":"","meta":{"footnotes":""},"_links":{"self":[{"href":"https:\/\/pandaceviri.com\/index.php\/wp-json\/wp\/v2\/pages\/83"}],"collection":[{"href":"https:\/\/pandaceviri.com\/index.php\/wp-json\/wp\/v2\/pages"}],"about":[{"href":"https:\/\/pandaceviri.com\/index.php\/wp-json\/wp\/v2\/types\/page"}],"author":[{"embeddable":true,"href":"https:\/\/pandaceviri.com\/index.php\/wp-json\/wp\/v2\/users\/1"}],"replies":[{"embeddable":true,"href":"https:\/\/pandaceviri.com\/index.php\/wp-json\/wp\/v2\/comments?post=83"}],"version-history":[{"count":3,"href":"https:\/\/pandaceviri.com\/index.php\/wp-json\/wp\/v2\/pages\/83\/revisions"}],"predecessor-version":[{"id":206,"href":"https:\/\/pandaceviri.com\/index.php\/wp-json\/wp\/v2\/pages\/83\/revisions\/206"}],"wp:attachment":[{"href":"https:\/\/pandaceviri.com\/index.php\/wp-json\/wp\/v2\/media?parent=83"}],"curies":[{"name":"wp","href":"https:\/\/api.w.org\/{rel}","templated":true}]}}