{"id":20,"date":"2018-04-12T14:24:05","date_gmt":"2018-04-12T11:24:05","guid":{"rendered":"http:\/\/pandaceviri.com\/?page_id=20"},"modified":"2018-05-28T19:47:02","modified_gmt":"2018-05-28T16:47:02","slug":"bizkimiz","status":"publish","type":"page","link":"https:\/\/pandaceviri.com\/index.php\/bizkimiz\/","title":{"rendered":""},"content":{"rendered":"<h3>Biz geldik!<\/h3>\n<p>Biz, uzun y\u0131llar \u00e7e\u015fitli \u00e7eviri \u015firketlerinde \u00e7evirmen, edit\u00f6r, proje y\u00f6neticisi ve masa\u00fcst\u00fc yay\u0131nc\u0131l\u0131k uzman\u0131 (DTP) olarak \u00e7al\u0131\u015fm\u0131\u015f bir ekibiz. Hizmet verdi\u011fimiz alanlarda edindi\u011fimiz deneyimi birle\u015ftirdik ve Panda \u00c7eviri Hizmetleri \u00e7at\u0131s\u0131 alt\u0131nda bulu\u015ftuk.<\/p>\n","protected":false},"excerpt":{"rendered":"<p>Biz geldik! Biz, uzun y\u0131llar \u00e7e\u015fitli \u00e7eviri \u015firketlerinde \u00e7evirmen, edit\u00f6r, proje y\u00f6neticisi ve masa\u00fcst\u00fc yay\u0131nc\u0131l\u0131k uzman\u0131 (DTP) olarak \u00e7al\u0131\u015fm\u0131\u015f bir ekibiz. Hizmet verdi\u011fimiz alanlarda edindi\u011fimiz deneyimi birle\u015ftirdik ve Panda \u00c7eviri Hizmetleri \u00e7at\u0131s\u0131 alt\u0131nda bulu\u015ftuk.<\/p>\n","protected":false},"author":1,"featured_media":0,"parent":0,"menu_order":0,"comment_status":"closed","ping_status":"closed","template":"","meta":{"footnotes":""},"_links":{"self":[{"href":"https:\/\/pandaceviri.com\/index.php\/wp-json\/wp\/v2\/pages\/20"}],"collection":[{"href":"https:\/\/pandaceviri.com\/index.php\/wp-json\/wp\/v2\/pages"}],"about":[{"href":"https:\/\/pandaceviri.com\/index.php\/wp-json\/wp\/v2\/types\/page"}],"author":[{"embeddable":true,"href":"https:\/\/pandaceviri.com\/index.php\/wp-json\/wp\/v2\/users\/1"}],"replies":[{"embeddable":true,"href":"https:\/\/pandaceviri.com\/index.php\/wp-json\/wp\/v2\/comments?post=20"}],"version-history":[{"count":10,"href":"https:\/\/pandaceviri.com\/index.php\/wp-json\/wp\/v2\/pages\/20\/revisions"}],"predecessor-version":[{"id":189,"href":"https:\/\/pandaceviri.com\/index.php\/wp-json\/wp\/v2\/pages\/20\/revisions\/189"}],"wp:attachment":[{"href":"https:\/\/pandaceviri.com\/index.php\/wp-json\/wp\/v2\/media?parent=20"}],"curies":[{"name":"wp","href":"https:\/\/api.w.org\/{rel}","templated":true}]}}